{"id":14,"date":"2021-11-21T15:14:19","date_gmt":"2021-11-21T15:14:19","guid":{"rendered":"https:\/\/evinsights.se\/index.php\/about\/"},"modified":"2023-10-28T08:25:27","modified_gmt":"2023-10-28T08:25:27","slug":"about","status":"publish","type":"page","link":"https:\/\/evinsights.se\/en\/about\/","title":{"rendered":"About us"},"content":{"rendered":"<div data-elementor-type=\"wp-page\" data-elementor-id=\"14\" class=\"elementor elementor-14\">\n\t\t\t\t\t\t<section class=\"elementor-section elementor-top-section elementor-element elementor-element-dcb26ee elementor-section-height-min-height elementor-section-boxed elementor-section-height-default elementor-section-items-middle\" data-id=\"dcb26ee\" data-element_type=\"section\" data-settings=\"{&quot;background_background&quot;:&quot;classic&quot;,&quot;animation&quot;:&quot;none&quot;}\">\n\t\t\t\t\t\t\t<div class=\"elementor-background-overlay\"><\/div>\n\t\t\t\t\t\t\t<div class=\"elementor-container elementor-column-gap-default\">\n\t\t\t\t\t<div class=\"elementor-column elementor-col-100 elementor-top-column elementor-element elementor-element-765dc79\" data-id=\"765dc79\" data-element_type=\"column\">\n\t\t\t<div class=\"elementor-widget-wrap elementor-element-populated\">\n\t\t\t\t<div class=\"elementor-element elementor-element-65a8c19 e-flex e-con-boxed elementor-invisible e-con e-parent\" data-id=\"65a8c19\" data-element_type=\"container\" data-settings=\"{&quot;animation&quot;:&quot;fadeInDown&quot;}\">\n\t\t\t\t\t<div class=\"e-con-inner\">\n\t\t\t\t<div class=\"elementor-element elementor-element-659f6ee elementor-widget elementor-widget-heading\" data-id=\"659f6ee\" data-element_type=\"widget\" data-widget_type=\"heading.default\">\n\t\t\t\t<div class=\"elementor-widget-container\">\n\t\t\t<h1 class=\"elementor-heading-title elementor-size-default\">ABOUT US<\/h1>\t\t<\/div>\n\t\t\t\t<\/div>\n\t\t\t\t\t<\/div>\n\t\t\t\t<\/div>\n\t\t\t\t\t<\/div>\n\t\t<\/div>\n\t\t\t\t\t<\/div>\n\t\t<\/section>\n\t\t<div class=\"elementor-element elementor-element-42fda51 e-flex e-con-boxed e-con e-parent\" data-id=\"42fda51\" data-element_type=\"container\">\n\t\t\t\t\t<div class=\"e-con-inner\">\n\t\t<div class=\"elementor-element elementor-element-d986e77 e-con-full e-flex e-con e-child\" data-id=\"d986e77\" data-element_type=\"container\">\n\t\t\t\t<div class=\"elementor-element elementor-element-ab948cf elementor-widget elementor-widget-heading\" data-id=\"ab948cf\" data-element_type=\"widget\" data-widget_type=\"heading.default\">\n\t\t\t\t<div class=\"elementor-widget-container\">\n\t\t\t<h2 class=\"elementor-heading-title elementor-size-default\">JOIN US ON AN ADVENTURE IN BI<\/h2>\t\t<\/div>\n\t\t\t\t<\/div>\n\t\t\t\t<div class=\"elementor-element elementor-element-e318654 elementor-widget elementor-widget-text-editor\" data-id=\"e318654\" data-element_type=\"widget\" data-widget_type=\"text-editor.default\">\n\t\t\t\t<div class=\"elementor-widget-container\">\n\t\t\t\t\t\t\t<p style=\"text-align: center;\"><em>Jens and David, both armed with powerful BI skills and programming languages, embarked on a journey into the dark forest of Data Lab. There, they encountered the Data Monster, a fearsome creature plaguing businesses with inconsistent data and poor insights. David used his expertise in Python to quickly create an analysis algorithm, while Jens leveraged his knowledge of C# to build a robust infrastructure. Together, they used Power BI to visualize the monster's weaknesses. With a combination of Excel magic and SharePoint shields, they delivered the decisive blow. The Data Monster transformed into a source of pure, valuable information. The companies in Data Lab thrived, and our heroes returned home to await their next adventure.<\/em><\/p>\t\t\t\t\t\t<\/div>\n\t\t\t\t<\/div>\n\t\t\t\t<\/div>\n\t\t<div class=\"elementor-element elementor-element-3f2a074 e-con-full e-flex e-con e-child\" data-id=\"3f2a074\" data-element_type=\"container\">\n\t\t\t\t<div class=\"elementor-element elementor-element-27cc9c0 elementor-widget elementor-widget-image\" data-id=\"27cc9c0\" data-element_type=\"widget\" data-widget_type=\"image.default\">\n\t\t\t\t<div class=\"elementor-widget-container\">\n\t\t\t\t\t\t\t\t\t\t\t\t\t\t<a href=\"https:\/\/evinsights.se\/en\/services\/\">\n\t\t\t\t\t\t\t<img fetchpriority=\"high\" decoding=\"async\" width=\"1024\" height=\"1024\" src=\"https:\/\/evinsights.se\/wp-content\/uploads\/2023\/10\/dfgd.png\" class=\"attachment-large size-large wp-image-1988\" alt=\"\" srcset=\"https:\/\/evinsights.se\/wp-content\/uploads\/2023\/10\/dfgd.png 1024w, https:\/\/evinsights.se\/wp-content\/uploads\/2023\/10\/dfgd-300x300.png 300w, https:\/\/evinsights.se\/wp-content\/uploads\/2023\/10\/dfgd-150x150.png 150w, https:\/\/evinsights.se\/wp-content\/uploads\/2023\/10\/dfgd-768x768.png 768w\" sizes=\"(max-width: 1024px) 100vw, 1024px\" \/>\t\t\t\t\t\t\t\t<\/a>\n\t\t\t\t\t\t\t\t\t\t\t\t\t<\/div>\n\t\t\t\t<\/div>\n\t\t\t\t<\/div>\n\t\t\t\t\t<\/div>\n\t\t\t\t<\/div>\n\t\t\t\t<section class=\"elementor-section elementor-top-section elementor-element elementor-element-460970c elementor-section-boxed elementor-section-height-default elementor-section-height-default\" data-id=\"460970c\" data-element_type=\"section\">\n\t\t\t\t\t\t<div class=\"elementor-container elementor-column-gap-wide\">\n\t\t\t\t\t<div class=\"elementor-column elementor-col-50 elementor-top-column elementor-element elementor-element-21f68a6\" data-id=\"21f68a6\" data-element_type=\"column\">\n\t\t\t<div class=\"elementor-widget-wrap elementor-element-populated\">\n\t\t\t\t\t\t<div class=\"elementor-element elementor-element-670e6d2 elementor-widget elementor-widget-image\" data-id=\"670e6d2\" data-element_type=\"widget\" data-widget_type=\"image.default\">\n\t\t\t\t<div class=\"elementor-widget-container\">\n\t\t\t\t\t\t\t\t\t\t\t\t\t<img decoding=\"async\" width=\"500\" height=\"666\" src=\"https:\/\/evinsights.se\/wp-content\/uploads\/2023\/10\/Jens_Ejheden.jpg\" class=\"attachment-large size-large wp-image-1932\" alt=\"\" srcset=\"https:\/\/evinsights.se\/wp-content\/uploads\/2023\/10\/Jens_Ejheden.jpg 500w, https:\/\/evinsights.se\/wp-content\/uploads\/2023\/10\/Jens_Ejheden-225x300.jpg 225w\" sizes=\"(max-width: 500px) 100vw, 500px\" \/>\t\t\t\t\t\t\t\t\t\t\t\t\t<\/div>\n\t\t\t\t<\/div>\n\t\t\t\t<div class=\"elementor-element elementor-element-a7de0e3 elementor-widget elementor-widget-heading\" data-id=\"a7de0e3\" data-element_type=\"widget\" data-widget_type=\"heading.default\">\n\t\t\t\t<div class=\"elementor-widget-container\">\n\t\t\t<h2 class=\"elementor-heading-title elementor-size-default\">JENS EJHEDEN<\/h2>\t\t<\/div>\n\t\t\t\t<\/div>\n\t\t\t\t<div class=\"elementor-element elementor-element-3c550fe elementor-widget elementor-widget-text-editor\" data-id=\"3c550fe\" data-element_type=\"widget\" data-widget_type=\"text-editor.default\">\n\t\t\t\t<div class=\"elementor-widget-container\">\n\t\t\t\t\t\t\t<p><a href=\"mailto:jens.ejheden@evinsights.se\">jens.ejheden@evinsights.se<\/a><\/p>\t\t\t\t\t\t<\/div>\n\t\t\t\t<\/div>\n\t\t\t\t<div class=\"elementor-element elementor-element-1f8d1e8 elementor-view-default elementor-widget elementor-widget-icon\" data-id=\"1f8d1e8\" data-element_type=\"widget\" data-widget_type=\"icon.default\">\n\t\t\t\t<div class=\"elementor-widget-container\">\n\t\t\t\t\t<div class=\"elementor-icon-wrapper\">\n\t\t\t<a class=\"elementor-icon\" href=\"http:\/\/www.linkedin.com\/in\/jens-ejheden-2bb38a33\" target=\"_blank\">\n\t\t\t<svg aria-hidden=\"true\" class=\"e-font-icon-svg e-fab-linkedin\" viewbox=\"0 0 448 512\" xmlns=\"http:\/\/www.w3.org\/2000\/svg\"><path d=\"M416 32H31.9C14.3 32 0 46.5 0 64.3v383.4C0 465.5 14.3 480 31.9 480H416c17.6 0 32-14.5 32-32.3V64.3c0-17.8-14.4-32.3-32-32.3zM135.4 416H69V202.2h66.5V416zm-33.2-243c-21.3 0-38.5-17.3-38.5-38.5S80.9 96 102.2 96c21.2 0 38.5 17.3 38.5 38.5 0 21.3-17.2 38.5-38.5 38.5zm282.1 243h-66.4V312c0-24.8-.5-56.7-34.5-56.7-34.6 0-39.9 27-39.9 54.9V416h-66.4V202.2h63.7v29.2h.9c8.9-16.8 30.6-34.5 62.9-34.5 67.2 0 79.7 44.3 79.7 101.9V416z\"><\/path><\/svg>\t\t\t<\/a>\n\t\t<\/div>\n\t\t\t\t<\/div>\n\t\t\t\t<\/div>\n\t\t\t\t\t<\/div>\n\t\t<\/div>\n\t\t\t\t<div class=\"elementor-column elementor-col-50 elementor-top-column elementor-element elementor-element-d5b98ea\" data-id=\"d5b98ea\" data-element_type=\"column\">\n\t\t\t<div class=\"elementor-widget-wrap elementor-element-populated\">\n\t\t\t\t\t\t<div class=\"elementor-element elementor-element-5afb506 elementor-widget elementor-widget-image\" data-id=\"5afb506\" data-element_type=\"widget\" data-widget_type=\"image.default\">\n\t\t\t\t<div class=\"elementor-widget-container\">\n\t\t\t\t\t\t\t\t\t\t\t\t\t<img decoding=\"async\" width=\"1024\" height=\"762\" src=\"https:\/\/evinsights.se\/wp-content\/uploads\/2022\/10\/Our-Mission-min-1024x762.jpg\" class=\"attachment-large size-large wp-image-1708\" alt=\"\" srcset=\"https:\/\/evinsights.se\/wp-content\/uploads\/2022\/10\/Our-Mission-min-1024x762.jpg 1024w, https:\/\/evinsights.se\/wp-content\/uploads\/2022\/10\/Our-Mission-min-300x223.jpg 300w, https:\/\/evinsights.se\/wp-content\/uploads\/2022\/10\/Our-Mission-min-768x572.jpg 768w, https:\/\/evinsights.se\/wp-content\/uploads\/2022\/10\/Our-Mission-min.jpg 1236w\" sizes=\"(max-width: 1024px) 100vw, 1024px\" \/>\t\t\t\t\t\t\t\t\t\t\t\t\t<\/div>\n\t\t\t\t<\/div>\n\t\t\t\t<div class=\"elementor-element elementor-element-d0fd46b elementor-widget elementor-widget-heading\" data-id=\"d0fd46b\" data-element_type=\"widget\" data-widget_type=\"heading.default\">\n\t\t\t\t<div class=\"elementor-widget-container\">\n\t\t\t<h2 class=\"elementor-heading-title elementor-size-default\">DAVID VANEK<\/h2>\t\t<\/div>\n\t\t\t\t<\/div>\n\t\t\t\t<div class=\"elementor-element elementor-element-9fee9a2 elementor-widget elementor-widget-text-editor\" data-id=\"9fee9a2\" data-element_type=\"widget\" data-widget_type=\"text-editor.default\">\n\t\t\t\t<div class=\"elementor-widget-container\">\n\t\t\t\t\t\t\t<p><a href=\"mailto:david.vanek@evinsights.se\">david.vanek@evinsights.se<\/a><\/p>\t\t\t\t\t\t<\/div>\n\t\t\t\t<\/div>\n\t\t\t\t<div class=\"elementor-element elementor-element-1768a41 elementor-view-default elementor-widget elementor-widget-icon\" data-id=\"1768a41\" data-element_type=\"widget\" data-widget_type=\"icon.default\">\n\t\t\t\t<div class=\"elementor-widget-container\">\n\t\t\t\t\t<div class=\"elementor-icon-wrapper\">\n\t\t\t<a class=\"elementor-icon\" href=\"https:\/\/www.linkedin.com\/in\/david-vanek-88747565\/\" target=\"_blank\">\n\t\t\t<svg aria-hidden=\"true\" class=\"e-font-icon-svg e-fab-linkedin\" viewbox=\"0 0 448 512\" xmlns=\"http:\/\/www.w3.org\/2000\/svg\"><path d=\"M416 32H31.9C14.3 32 0 46.5 0 64.3v383.4C0 465.5 14.3 480 31.9 480H416c17.6 0 32-14.5 32-32.3V64.3c0-17.8-14.4-32.3-32-32.3zM135.4 416H69V202.2h66.5V416zm-33.2-243c-21.3 0-38.5-17.3-38.5-38.5S80.9 96 102.2 96c21.2 0 38.5 17.3 38.5 38.5 0 21.3-17.2 38.5-38.5 38.5zm282.1 243h-66.4V312c0-24.8-.5-56.7-34.5-56.7-34.6 0-39.9 27-39.9 54.9V416h-66.4V202.2h63.7v29.2h.9c8.9-16.8 30.6-34.5 62.9-34.5 67.2 0 79.7 44.3 79.7 101.9V416z\"><\/path><\/svg>\t\t\t<\/a>\n\t\t<\/div>\n\t\t\t\t<\/div>\n\t\t\t\t<\/div>\n\t\t\t\t\t<\/div>\n\t\t<\/div>\n\t\t\t\t\t<\/div>\n\t\t<\/section>\n\t\t<div class=\"elementor-element elementor-element-853ff37 e-flex e-con-boxed e-con e-parent\" data-id=\"853ff37\" data-element_type=\"container\">\n\t\t\t\t\t<div class=\"e-con-inner\">\n\t\t\t\t<div class=\"elementor-element elementor-element-cbd1619 elementor-align-center elementor-widget elementor-widget-button\" data-id=\"cbd1619\" data-element_type=\"widget\" data-widget_type=\"button.default\">\n\t\t\t\t<div class=\"elementor-widget-container\">\n\t\t\t\t\t<div class=\"elementor-button-wrapper\">\n\t\t\t<a class=\"elementor-button elementor-button-link elementor-size-sm\" href=\"\/en\/contact\/\">\n\t\t\t\t\t\t<span class=\"elementor-button-content-wrapper\">\n\t\t\t\t\t\t\t\t\t<span class=\"elementor-button-text\">CONTACT US FOR A FREE BI CONSULTATION<\/span>\n\t\t\t\t\t<\/span>\n\t\t\t\t\t<\/a>\n\t\t<\/div>\n\t\t\t\t<\/div>\n\t\t\t\t<\/div>\n\t\t\t\t\t<\/div>\n\t\t\t\t<\/div>\n\t\t\t\t<\/div>","protected":false},"excerpt":{"rendered":"<p>OM OSS F\u00d6LJ MED P\u00c5 ETT \u00c4VENTYR I BI Jens och David, b\u00e5da bev\u00e4pnade med kraftfulla BI-kunskaper och programmeringsspr\u00e5k, gav sig ut p\u00e5 en resa in i Datalabets m\u00f6rka skog. De st\u00f6tte p\u00e5 Datamonstret, en fruktansv\u00e4rd varelse som pl\u00e5gade f\u00f6retag med inkonsekvent data och d\u00e5liga insikter. David anv\u00e4nde sin expertis i Python f\u00f6r att snabbt [&hellip;]<\/p>","protected":false},"author":1,"featured_media":0,"parent":0,"menu_order":0,"comment_status":"closed","ping_status":"closed","template":"","meta":{"site-sidebar-layout":"no-sidebar","site-content-layout":"page-builder","ast-site-content-layout":"full-width-container","site-content-style":"unboxed","site-sidebar-style":"unboxed","ast-global-header-display":"","ast-banner-title-visibility":"","ast-main-header-display":"","ast-hfb-above-header-display":"","ast-hfb-below-header-display":"","ast-hfb-mobile-header-display":"","site-post-title":"disabled","ast-breadcrumbs-content":"","ast-featured-img":"disabled","footer-sml-layout":"","theme-transparent-header-meta":"disabled","adv-header-id-meta":"","stick-header-meta":"","header-above-stick-meta":"","header-main-stick-meta":"","header-below-stick-meta":"","astra-migrate-meta-layouts":"set","ast-page-background-enabled":"default","ast-page-background-meta":{"desktop":{"background-color":"var(--ast-global-color-4)","background-image":"","background-repeat":"repeat","background-position":"center center","background-size":"auto","background-attachment":"scroll","background-type":"","background-media":"","overlay-type":"","overlay-color":"","overlay-gradient":""},"tablet":{"background-color":"","background-image":"","background-repeat":"repeat","background-position":"center center","background-size":"auto","background-attachment":"scroll","background-type":"","background-media":"","overlay-type":"","overlay-color":"","overlay-gradient":""},"mobile":{"background-color":"","background-image":"","background-repeat":"repeat","background-position":"center center","background-size":"auto","background-attachment":"scroll","background-type":"","background-media":"","overlay-type":"","overlay-color":"","overlay-gradient":""}},"ast-content-background-meta":{"desktop":{"background-color":"var(--ast-global-color-5)","background-image":"","background-repeat":"repeat","background-position":"center center","background-size":"auto","background-attachment":"scroll","background-type":"","background-media":"","overlay-type":"","overlay-color":"","overlay-gradient":""},"tablet":{"background-color":"var(--ast-global-color-5)","background-image":"","background-repeat":"repeat","background-position":"center center","background-size":"auto","background-attachment":"scroll","background-type":"","background-media":"","overlay-type":"","overlay-color":"","overlay-gradient":""},"mobile":{"background-color":"var(--ast-global-color-5)","background-image":"","background-repeat":"repeat","background-position":"center center","background-size":"auto","background-attachment":"scroll","background-type":"","background-media":"","overlay-type":"","overlay-color":"","overlay-gradient":""}},"footnotes":""},"class_list":["post-14","page","type-page","status-publish","hentry"],"yoast_head":"<!-- This site is optimized with the Yoast SEO plugin v21.8 - https:\/\/yoast.com\/wordpress\/plugins\/seo\/ -->\n<title>Om oss - EV Insights AB<\/title>\n<meta name=\"robots\" content=\"index, follow, max-snippet:-1, max-image-preview:large, max-video-preview:-1\" \/>\n<link rel=\"canonical\" href=\"https:\/\/evinsights.se\/en\/about\/\" \/>\n<meta property=\"og:locale\" content=\"en_US\" \/>\n<meta property=\"og:type\" content=\"article\" \/>\n<meta property=\"og:title\" content=\"Om oss - EV Insights AB\" \/>\n<meta property=\"og:description\" content=\"OM OSS F\u00d6LJ MED P\u00c5 ETT \u00c4VENTYR I BI Jens och David, b\u00e5da bev\u00e4pnade med kraftfulla BI-kunskaper och programmeringsspr\u00e5k, gav sig ut p\u00e5 en resa in i Datalabets m\u00f6rka skog. De st\u00f6tte p\u00e5 Datamonstret, en fruktansv\u00e4rd varelse som pl\u00e5gade f\u00f6retag med inkonsekvent data och d\u00e5liga insikter. David anv\u00e4nde sin expertis i Python f\u00f6r att snabbt [&hellip;]\" \/>\n<meta property=\"og:url\" content=\"https:\/\/evinsights.se\/en\/about\/\" \/>\n<meta property=\"og:site_name\" content=\"EV Insights AB\" \/>\n<meta property=\"article:modified_time\" content=\"2023-10-28T08:25:27+00:00\" \/>\n<meta property=\"og:image\" content=\"https:\/\/evinsights.se\/wp-content\/uploads\/2023\/10\/dfgd.png\" \/>\n<meta name=\"twitter:card\" content=\"summary_large_image\" \/>\n<meta name=\"twitter:label1\" content=\"Est. reading time\" \/>\n\t<meta name=\"twitter:data1\" content=\"2 minutes\" \/>\n<script type=\"application\/ld+json\" class=\"yoast-schema-graph\">{\"@context\":\"https:\/\/schema.org\",\"@graph\":[{\"@type\":[\"WebPage\",\"ContactPage\"],\"@id\":\"https:\/\/evinsights.se\/about\/\",\"url\":\"https:\/\/evinsights.se\/about\/\",\"name\":\"Om oss - EV Insights AB\",\"isPartOf\":{\"@id\":\"https:\/\/evinsights.se\/#website\"},\"datePublished\":\"2021-11-21T15:14:19+00:00\",\"dateModified\":\"2023-10-28T08:25:27+00:00\",\"breadcrumb\":{\"@id\":\"https:\/\/evinsights.se\/about\/#breadcrumb\"},\"inLanguage\":\"en-US\",\"potentialAction\":[{\"@type\":\"ReadAction\",\"target\":[\"https:\/\/evinsights.se\/about\/\"]}]},{\"@type\":\"BreadcrumbList\",\"@id\":\"https:\/\/evinsights.se\/about\/#breadcrumb\",\"itemListElement\":[{\"@type\":\"ListItem\",\"position\":1,\"name\":\"Home\",\"item\":\"https:\/\/evinsights.se\/\"},{\"@type\":\"ListItem\",\"position\":2,\"name\":\"Om oss\"}]},{\"@type\":\"WebSite\",\"@id\":\"https:\/\/evinsights.se\/#website\",\"url\":\"https:\/\/evinsights.se\/\",\"name\":\"EV Insights AB\",\"description\":\"Vi besegrar ditt datamonster med Power BI\",\"publisher\":{\"@id\":\"https:\/\/evinsights.se\/#organization\"},\"potentialAction\":[{\"@type\":\"SearchAction\",\"target\":{\"@type\":\"EntryPoint\",\"urlTemplate\":\"https:\/\/evinsights.se\/?s={search_term_string}\"},\"query-input\":\"required name=search_term_string\"}],\"inLanguage\":\"en-US\"},{\"@type\":\"Organization\",\"@id\":\"https:\/\/evinsights.se\/#organization\",\"name\":\"EV Insights AB\",\"url\":\"https:\/\/evinsights.se\/\",\"logo\":{\"@type\":\"ImageObject\",\"inLanguage\":\"en-US\",\"@id\":\"https:\/\/evinsights.se\/#\/schema\/logo\/image\/\",\"url\":\"https:\/\/evinsights.se\/wp-content\/uploads\/2023\/10\/Logo-White-transparent.png\",\"contentUrl\":\"https:\/\/evinsights.se\/wp-content\/uploads\/2023\/10\/Logo-White-transparent.png\",\"width\":5214,\"height\":1286,\"caption\":\"EV Insights AB\"},\"image\":{\"@id\":\"https:\/\/evinsights.se\/#\/schema\/logo\/image\/\"},\"sameAs\":[\"http:\/\/www.linkedin.com\/in\/jens-ejheden-2bb38a33\",\"https:\/\/www.linkedin.com\/in\/david-vanek-88747565\/\"]}]}<\/script>\n<!-- \/ Yoast SEO plugin. -->","yoast_head_json":{"title":"Om oss - EV Insights AB","robots":{"index":"index","follow":"follow","max-snippet":"max-snippet:-1","max-image-preview":"max-image-preview:large","max-video-preview":"max-video-preview:-1"},"canonical":"https:\/\/evinsights.se\/en\/about\/","og_locale":"en_US","og_type":"article","og_title":"Om oss - EV Insights AB","og_description":"OM OSS F\u00d6LJ MED P\u00c5 ETT \u00c4VENTYR I BI Jens och David, b\u00e5da bev\u00e4pnade med kraftfulla BI-kunskaper och programmeringsspr\u00e5k, gav sig ut p\u00e5 en resa in i Datalabets m\u00f6rka skog. De st\u00f6tte p\u00e5 Datamonstret, en fruktansv\u00e4rd varelse som pl\u00e5gade f\u00f6retag med inkonsekvent data och d\u00e5liga insikter. David anv\u00e4nde sin expertis i Python f\u00f6r att snabbt [&hellip;]","og_url":"https:\/\/evinsights.se\/en\/about\/","og_site_name":"EV Insights AB","article_modified_time":"2023-10-28T08:25:27+00:00","og_image":[{"url":"https:\/\/evinsights.se\/wp-content\/uploads\/2023\/10\/dfgd.png"}],"twitter_card":"summary_large_image","twitter_misc":{"Est. reading time":"2 minutes"},"schema":{"@context":"https:\/\/schema.org","@graph":[{"@type":["WebPage","ContactPage"],"@id":"https:\/\/evinsights.se\/about\/","url":"https:\/\/evinsights.se\/about\/","name":"Om oss - EV Insights AB","isPartOf":{"@id":"https:\/\/evinsights.se\/#website"},"datePublished":"2021-11-21T15:14:19+00:00","dateModified":"2023-10-28T08:25:27+00:00","breadcrumb":{"@id":"https:\/\/evinsights.se\/about\/#breadcrumb"},"inLanguage":"en-US","potentialAction":[{"@type":"ReadAction","target":["https:\/\/evinsights.se\/about\/"]}]},{"@type":"BreadcrumbList","@id":"https:\/\/evinsights.se\/about\/#breadcrumb","itemListElement":[{"@type":"ListItem","position":1,"name":"Home","item":"https:\/\/evinsights.se\/"},{"@type":"ListItem","position":2,"name":"Om oss"}]},{"@type":"WebSite","@id":"https:\/\/evinsights.se\/#website","url":"https:\/\/evinsights.se\/","name":"EV Insights AB","description":"Vi besegrar ditt datamonster med Power BI","publisher":{"@id":"https:\/\/evinsights.se\/#organization"},"potentialAction":[{"@type":"SearchAction","target":{"@type":"EntryPoint","urlTemplate":"https:\/\/evinsights.se\/?s={search_term_string}"},"query-input":"required name=search_term_string"}],"inLanguage":"en-US"},{"@type":"Organization","@id":"https:\/\/evinsights.se\/#organization","name":"EV Insights AB","url":"https:\/\/evinsights.se\/","logo":{"@type":"ImageObject","inLanguage":"en-US","@id":"https:\/\/evinsights.se\/#\/schema\/logo\/image\/","url":"https:\/\/evinsights.se\/wp-content\/uploads\/2023\/10\/Logo-White-transparent.png","contentUrl":"https:\/\/evinsights.se\/wp-content\/uploads\/2023\/10\/Logo-White-transparent.png","width":5214,"height":1286,"caption":"EV Insights AB"},"image":{"@id":"https:\/\/evinsights.se\/#\/schema\/logo\/image\/"},"sameAs":["http:\/\/www.linkedin.com\/in\/jens-ejheden-2bb38a33","https:\/\/www.linkedin.com\/in\/david-vanek-88747565\/"]}]}},"_links":{"self":[{"href":"https:\/\/evinsights.se\/en\/wp-json\/wp\/v2\/pages\/14"}],"collection":[{"href":"https:\/\/evinsights.se\/en\/wp-json\/wp\/v2\/pages"}],"about":[{"href":"https:\/\/evinsights.se\/en\/wp-json\/wp\/v2\/types\/page"}],"author":[{"embeddable":true,"href":"https:\/\/evinsights.se\/en\/wp-json\/wp\/v2\/users\/1"}],"replies":[{"embeddable":true,"href":"https:\/\/evinsights.se\/en\/wp-json\/wp\/v2\/comments?post=14"}],"version-history":[{"count":37,"href":"https:\/\/evinsights.se\/en\/wp-json\/wp\/v2\/pages\/14\/revisions"}],"predecessor-version":[{"id":2020,"href":"https:\/\/evinsights.se\/en\/wp-json\/wp\/v2\/pages\/14\/revisions\/2020"}],"wp:attachment":[{"href":"https:\/\/evinsights.se\/en\/wp-json\/wp\/v2\/media?parent=14"}],"curies":[{"name":"wp","href":"https:\/\/api.w.org\/{rel}","templated":true}]}}